{"id":217,"date":"2021-05-07T16:02:12","date_gmt":"2021-05-07T16:02:12","guid":{"rendered":"https:\/\/casinobelgie.com\/fr\/?page_id=217"},"modified":"2021-05-07T16:05:23","modified_gmt":"2021-05-07T16:05:23","slug":"conditions-generales-dutilisation","status":"publish","type":"page","link":"https:\/\/casinobelgie.com\/fr\/conditions-generales-dutilisation\/","title":{"rendered":"Conditions g\u00e9n\u00e9rales d&rsquo;utilisation"},"content":{"rendered":"\n<h1><strong>Conditions g\u00e9n\u00e9rales d&rsquo;utilisation<\/strong><\/h1>\n\n\n\n<p>Les conditions g\u00e9n\u00e9rales de <a href=\"\/fr\/\" class=\"rank-math-link\"><strong>Casinobelgie<\/strong><\/a> s&rsquo;appliquent \u00e0 tous les lecteurs. En continuant \u00e0 acc\u00e9der au site Web, vous (le lecteur) acceptez explicitement les conditions d&rsquo;utilisation du site Web. Il s&rsquo;agit d&rsquo;un accord contraignant entre vous et nous (Casinobelgie\/le site web).<\/p>\n\n\n\n<p>D\u00e8s lors, toute interaction ult\u00e9rieure entre le lecteur et le site web sera bas\u00e9e sur ces conditions. Nous nous r\u00e9servons le droit de modifier les conditions et tous les changements seront d\u00fbment not\u00e9s sur cette page. Les lecteurs sont responsables de rester \u00e0 jour avec toutes les modifications.<\/p>\n\n\n\n<h2><strong>Acceptation des conditions g\u00e9n\u00e9rales<\/strong><\/h2>\n\n\n\n<p>En continuant \u00e0 utiliser le site Web, vous acceptez explicitement les conditions. Si vous ne souhaitez pas continuer, veuillez quitter le site imm\u00e9diatement. Casinobelgie a le droit de modifier le site Web selon les besoins. Ces modifications seront effectu\u00e9es conform\u00e9ment \u00e0 la loi, car nous nous effor\u00e7ons d&rsquo;am\u00e9liorer l&rsquo;exp\u00e9rience des utilisateurs \u00e0 long terme.<\/p>\n\n\n\n<p>Si vous avez besoin de pr\u00e9cisions suppl\u00e9mentaires, nous vous conseillons vivement de consulter la Politique de confidentialit\u00e9. Pour toute clarification suppl\u00e9mentaire, contactez notre \u00e9quipe d&rsquo;assistance \u00e0 la client\u00e8le. Casinobelgie se r\u00e9serve le droit de refuser l&rsquo;acc\u00e8s \u00e0 des personnes pour avoir bafou\u00e9 nos conditions d&rsquo;utilisation. Nous ne sommes pas tenus d&rsquo;expliquer les cas.<\/p>\n\n\n\n<p>En continuant \u00e0 utiliser le site Web, vous acceptez que tous les \u00e9l\u00e9ments du site sont notre propri\u00e9t\u00e9 intellectuelle, y compris le contenu emprunt\u00e9 \u00e0 des sources r\u00e9put\u00e9es pour lesquelles elles ont \u00e9t\u00e9 d\u00fbment cr\u00e9dit\u00e9es. Il est l\u00e9galement interdit aux lecteurs de reproduire le contenu, les \u0153uvres d&rsquo;art, les graphiques, les animations, le son, la musique, le texte ou les logiciels utilis\u00e9s sur le site Web.<\/p>\n\n\n\n<p>Si vous \u00eates pris en flagrant d\u00e9lit de violation de ces conditions, le site Web est autoris\u00e9 \u00e0 engager une action en justice contre les auteurs. Pour tout contenu emprunt\u00e9 \u00e0 des sources tierces, vous pouvez acc\u00e9der au mat\u00e9riel conform\u00e9ment \u00e0 l&rsquo;accord de licence. L&rsquo;utilisation non autoris\u00e9e de ressources tierces entra\u00eenera des actions l\u00e9gales appropri\u00e9es initi\u00e9es par la partie concern\u00e9e. En continuant \u00e0 utiliser notre site Web, vous acceptez de vous conformer \u00e0 nos r\u00e8gles de propri\u00e9t\u00e9 intellectuelle.<\/p>\n\n\n\n<h2><strong>Ce qui est autoris\u00e9, ce qui ne l&rsquo;est pas<\/strong><\/h2>\n\n\n\n<p>Si vous souhaitez ajouter du contenu au site Web, n&rsquo;h\u00e9sitez pas \u00e0 nous contacter par le biais des canaux \u00e9tablis. Tout mat\u00e9riel que vous soumettez devient notre propri\u00e9t\u00e9 intellectuelle et est prot\u00e9g\u00e9 par la loi sur la protection de la propri\u00e9t\u00e9 intellectuelle.<\/p>\n\n\n\n<p>En continuant \u00e0 utiliser le site Web, vous acceptez de ne violer aucun des r\u00e8glements et ne serez en aucune fa\u00e7on li\u00e9 aux activit\u00e9s suivantes :<\/p>\n\n\n\n<p>1.&nbsp; Essayer de perturber le site Web en injectant des logiciels malveillants tels que des chevaux de Troie, des virus, des vers ou tout autre logiciel malveillant ayant une intention similaire. De telles activit\u00e9s ill\u00e9gales justifient des r\u00e9percussions l\u00e9gales initi\u00e9es de notre c\u00f4t\u00e9.<\/p>\n\n\n\n<p>2.&nbsp; Recr\u00e9er ou distribuer toute propri\u00e9t\u00e9 intellectuelle du site Web sans notre autorisation explicite.<\/p>\n\n\n\n<p>3.&nbsp; Essayer de violer nos mesures de s\u00e9curit\u00e9 pour acc\u00e9der \u00e0 des informations confidentielles que vous n&rsquo;\u00eates pas autoris\u00e9 \u00e0 consulter.<\/p>\n\n\n\n<p>4.&nbsp; Mal interpr\u00e9ter l&rsquo;un des r\u00e8glements pour enfreindre le protocole.<\/p>\n\n\n\n<p>Si vous pensez que le site Web a enfreint votre propri\u00e9t\u00e9 intellectuelle, contactez notre \u00e9quipe d&rsquo;assistance pour une r\u00e9solution rapide. La plupart des documents du site sont cr\u00e9\u00e9s par notre groupe interne de professionnels experts, notamment des r\u00e9dacteurs, des concepteurs, des graphistes et des streamers.<\/p>\n","protected":false},"excerpt":{"rendered":"<p>Conditions g\u00e9n\u00e9rales d&rsquo;utilisation Les conditions g\u00e9n\u00e9rales de Casinobelgie s&rsquo;appliquent \u00e0 tous les lecteurs. En continuant \u00e0 acc\u00e9der au site Web, vous (le lecteur) acceptez explicitement les conditions d&rsquo;utilisation du site Web. Il s&rsquo;agit d&rsquo;un accord contraignant entre vous et nous (Casinobelgie\/le site web). D\u00e8s lors, toute interaction ult\u00e9rieure entre le lecteur et le site web [&hellip;]<\/p>\n","protected":false},"author":1,"featured_media":0,"parent":0,"menu_order":0,"comment_status":"closed","ping_status":"closed","template":"page-template.php","meta":[],"_links":{"self":[{"href":"https:\/\/casinobelgie.com\/fr\/wp-json\/wp\/v2\/pages\/217"}],"collection":[{"href":"https:\/\/casinobelgie.com\/fr\/wp-json\/wp\/v2\/pages"}],"about":[{"href":"https:\/\/casinobelgie.com\/fr\/wp-json\/wp\/v2\/types\/page"}],"author":[{"embeddable":true,"href":"https:\/\/casinobelgie.com\/fr\/wp-json\/wp\/v2\/users\/1"}],"replies":[{"embeddable":true,"href":"https:\/\/casinobelgie.com\/fr\/wp-json\/wp\/v2\/comments?post=217"}],"version-history":[{"count":0,"href":"https:\/\/casinobelgie.com\/fr\/wp-json\/wp\/v2\/pages\/217\/revisions"}],"wp:attachment":[{"href":"https:\/\/casinobelgie.com\/fr\/wp-json\/wp\/v2\/media?parent=217"}],"curies":[{"name":"wp","href":"https:\/\/api.w.org\/{rel}","templated":true}]}}