{"id":215,"date":"2021-05-07T16:00:37","date_gmt":"2021-05-07T16:00:37","guid":{"rendered":"https:\/\/casinobelgie.com\/fr\/?page_id=215"},"modified":"2021-05-07T16:06:25","modified_gmt":"2021-05-07T16:06:25","slug":"le-jeu-responsable","status":"publish","type":"page","link":"https:\/\/casinobelgie.com\/fr\/le-jeu-responsable\/","title":{"rendered":"Le jeu responsable"},"content":{"rendered":"\n<h1><strong>Le jeu responsable<\/strong><\/h1>\n\n\n\n<p>Bien que les jeux d&rsquo;argent en ligne soient con\u00e7us dans un but purement divertissant, les gens se laissent souvent emporter. La mission de <strong><a href=\"\/fr\/\" class=\"rank-math-link\">Casinobelgie<\/a> <\/strong>est d&rsquo;\u00e9duquer les joueurs sur les risques potentiels li\u00e9s au d\u00e9passement de leurs limites.<\/p>\n\n\n\n<p>Certaines personnes ont du mal \u00e0 s&rsquo;arr\u00eater de jouer une fois qu&rsquo;elles sont dans le feu de l&rsquo;action, et cette exp\u00e9rience ne d\u00e9bouche jamais sur un r\u00e9sultat positif. Si le jeu peut offrir un r\u00e9pit \u00e0 la monotonie quotidienne jusqu&rsquo;\u00e0 un certain point, l&rsquo;exc\u00e8s peut avoir des r\u00e9percussions majeures sur la vie sociale, financi\u00e8re et personnelle.<\/p>\n\n\n\n<p>Les joueurs qui passent un temps excessif \u00e0 jouer commencent \u00e0 pr\u00e9senter des sympt\u00f4mes de d\u00e9pendance. Bien que cela puisse arriver \u00e0 n&rsquo;importe qui, la bonne nouvelle est que vous pouvez surmonter cet obstacle en suivant un chemin \u00e9tabli de jeu responsable. La premi\u00e8re \u00e9tape pour combattre un probl\u00e8me est de reconna\u00eetre que vous avez un probl\u00e8me.<\/p>\n\n\n\n<h2><strong>Comment identifier si vous avez une d\u00e9pendance\u202f?<\/strong><\/h2>\n\n\n\n<p>Identifier la d\u00e9pendance au jeu n&rsquo;est pas si difficile. Voici un questionnaire simple qui vous donnera une r\u00e9ponse fiable \u00e0 chaque fois.<\/p>\n\n\n\n<p>1. Jouez-vous au-dessus de vos moyens\u202f?<\/p>\n\n\n\n<p>2. Ressentez-vous l&rsquo;envie de parier \u00e0 des heures indues\u202f?<\/p>\n\n\n\n<p>3. Pouvez-vous recourir \u00e0 tous les moyens n\u00e9cessaires pour jouer quotidiennement\u202f?<\/p>\n\n\n\n<p>4. Avez-vous d\u00e9j\u00e0 menti \u00e0 quelqu&rsquo;un au sujet de votre passe-temps du jeu\u202f?<\/p>\n\n\n\n<p>5. Sacrifiez-vous les aspects importants de votre vie pour jouer\u202f?<\/p>\n\n\n\n<p>6. Ressentez-vous le besoin constant de continuer \u00e0 jouer apr\u00e8s une perte\u202f?<\/p>\n\n\n\n<p>7. Avez-vous d\u00e9j\u00e0 vendu des biens ou emprunt\u00e9 de l&rsquo;argent pour jouer\u202f?<\/p>\n\n\n\n<p>8. Pensez-vous constamment au jeu tout au long de la journ\u00e9e\u202f?<\/p>\n\n\n\n<p>9. Avez-vous eu l&rsquo;envie de voler ou de mentir pour alimenter votre routine de jeu\u202f?<\/p>\n\n\n\n<p>10. Jouez-vous au d\u00e9triment d&rsquo;une vie personnelle, financi\u00e8re ou sociale\u202f?<\/p>\n\n\n\n<p>Si votre r\u00e9ponse \u00e0 la plupart de ces questions est \u00ab\u00a0oui\u00a0\u00bb, vous avez un probl\u00e8me. Certaines personnes pensent que ces questionnaires sont con\u00e7us uniquement pour susciter la honte. Mais en r\u00e9alit\u00e9, ils permettent d&rsquo;identifier le probl\u00e8me \u00e0 un stade pr\u00e9coce. Il n&rsquo;y a ni honte, ni stigmate, ni anxi\u00e9t\u00e9 li\u00e9s \u00e0 ces questions.<\/p>\n\n\n\n<h2><strong>Comment se d\u00e9barrasser de l&rsquo;habitude du jeu excessif\u202f?<\/strong><\/h2>\n\n\n\n<p>S&rsquo;abstenir consciemment de se laisser aller \u00e0 la d\u00e9pendance permet de prendre une habitude saine. Nous sommes conscients que ce n&rsquo;est pas aussi facile qu&rsquo;il y para\u00eet. Mais en vous enseignant ces habitudes, vous cr\u00e9ez une habitude durable sur de longues p\u00e9riodes. Voici quelques exemples de ce \u00e0 quoi ressemble le jeu responsable.<\/p>\n\n\n\n<p>1. <strong>Fixez une limite de d\u00e9p\u00f4t<\/strong> &#8211; Tout comme la r\u00e9serve de cr\u00e9dit, la limite de d\u00e9p\u00f4t vous aide \u00e0 contr\u00f4ler le montant que vous pouvez d\u00e9penser. Fixez une limite de d\u00e9p\u00f4t quotidienne, hebdomadaire ou mensuelle et ne d\u00e9passez plus jamais votre budget.<\/p>\n\n\n\n<p>2. <strong>\u00c9vitez de trop d\u00e9penser<\/strong> &#8211; L&rsquo;envie de trop d\u00e9penser est constante. Demandez-vous consciemment si le d\u00e9passement de votre budget en vaut la peine. Si vous pensez que vous vous forcez \u00e0 le faire, il est temps de resserrer les cordons de la bourse.<\/p>\n\n\n\n<p>3. <strong>Faites une pause<\/strong> &#8211; Fixez une limite quotidienne et faites une pause apr\u00e8s avoir atteint le quota. Il n&rsquo;y a rien de mal \u00e0 prendre une pause, que ce soit pour un jour, une semaine ou un mois. En fin de compte, c&rsquo;est vous qui contr\u00f4lez la situation.<\/p>\n\n\n\n<p>4. <strong>S&rsquo;auto-exclure<\/strong> &#8211; Si faire une pause s&rsquo;av\u00e8re difficile, inscrivez-vous \u00e0 un programme d&rsquo;auto-exclusion. Cela vous aidera \u00e0 combattre les envies constantes de jouer puisque vous ne pourrez-vous connecter sur aucune plateforme jusqu&rsquo;\u00e0 la fin de la p\u00e9riode.<\/p>\n\n\n\n<p>5. <strong>\u00c9vitez la fonction de jeu automatique<\/strong> &#8211; Certaines personnes pr\u00e9f\u00e8rent la fonction de jeu automatique lorsqu&rsquo;elles jouent aux machines \u00e0 sous vid\u00e9o. La seule fa\u00e7on d&rsquo;appr\u00e9cier un jeu est de tenir compte de chaque mouvement. L&rsquo;activation de l&rsquo;auto-spin vous prive de cette sensation.<\/p>\n\n\n\n<h2><strong>Comment surmonter l&rsquo;addiction aux jeux d&rsquo;argent\u202f?<\/strong><\/h2>\n\n\n\n<p>Une fois que vous avez r\u00e9alis\u00e9 que vous \u00eates d\u00e9pendant, il n&rsquo;y a aucune raison de paniquer. Il existe d&rsquo;innombrables m\u00e9thodes \u00e9prouv\u00e9es pour aider \u00e0 combattre le jeu probl\u00e9matique. Voici quelques mesures efficaces. Avant de commencer, veuillez comprendre que nous encourageons une pratique durable du jeu et que nous sommes ravis d&rsquo;apporter notre soutien \u00e0 toute personne ayant besoin d&rsquo;aide.<\/p>\n\n\n\n<p>1. <strong>Inscrivez-vous \u00e0 un groupe de soutien<\/strong> &#8211; Trouver un soutien \u00e9motionnel aupr\u00e8s de personnes souffrant d&rsquo;un probl\u00e8me similaire fait des merveilles pour renforcer la sant\u00e9 mentale. Cr\u00e9ez des \u00e9tapes importantes pour rester abstinent et r\u00e9compensez-vous lorsque vous r\u00e9pondez aux attentes. Cela peut vous aider tant que vous trouvez la force de repousser les envies.<\/p>\n\n\n\n<p>2. <strong>Trouvez de l&rsquo;aide professionnelle<\/strong> &#8211; Il existe de nombreux services d&rsquo;assistance auxquels les joueurs d\u00e9pendants peuvent s&rsquo;adresser pour obtenir du soutien et des conseils. Ils offrent la possibilit\u00e9 de trouver de l&rsquo;aide de fa\u00e7on anonyme. Si vous recherchez un soutien \u00e9motionnel pour vous aider \u00e0 traverser cette phase difficile, demandez une aide professionnelle.<\/p>\n\n\n\n<p>3. <strong>Devenez un parrain<\/strong> &#8211; Certaines personnes trouvent qu&rsquo;il est plus facile de se d\u00e9barrasser de l&rsquo;habitude si elles sont responsables de quelqu&rsquo;un d&rsquo;autre. S&rsquo;inscrire \u00e0 un programme de parrainage peut vous aider \u00e0 combattre les envies, et les r\u00e9sultats sont statistiquement prouv\u00e9s.<\/p>\n","protected":false},"excerpt":{"rendered":"<p>Le jeu responsable Bien que les jeux d&rsquo;argent en ligne soient con\u00e7us dans un but purement divertissant, les gens se laissent souvent emporter. La mission de Casinobelgie est d&rsquo;\u00e9duquer les joueurs sur les risques potentiels li\u00e9s au d\u00e9passement de leurs limites. Certaines personnes ont du mal \u00e0 s&rsquo;arr\u00eater de jouer une fois qu&rsquo;elles sont dans [&hellip;]<\/p>\n","protected":false},"author":1,"featured_media":0,"parent":0,"menu_order":0,"comment_status":"closed","ping_status":"closed","template":"page-template.php","meta":[],"_links":{"self":[{"href":"https:\/\/casinobelgie.com\/fr\/wp-json\/wp\/v2\/pages\/215"}],"collection":[{"href":"https:\/\/casinobelgie.com\/fr\/wp-json\/wp\/v2\/pages"}],"about":[{"href":"https:\/\/casinobelgie.com\/fr\/wp-json\/wp\/v2\/types\/page"}],"author":[{"embeddable":true,"href":"https:\/\/casinobelgie.com\/fr\/wp-json\/wp\/v2\/users\/1"}],"replies":[{"embeddable":true,"href":"https:\/\/casinobelgie.com\/fr\/wp-json\/wp\/v2\/comments?post=215"}],"version-history":[{"count":0,"href":"https:\/\/casinobelgie.com\/fr\/wp-json\/wp\/v2\/pages\/215\/revisions"}],"wp:attachment":[{"href":"https:\/\/casinobelgie.com\/fr\/wp-json\/wp\/v2\/media?parent=215"}],"curies":[{"name":"wp","href":"https:\/\/api.w.org\/{rel}","templated":true}]}}