{"id":194,"date":"2021-05-07T14:24:55","date_gmt":"2021-05-07T14:24:55","guid":{"rendered":"https:\/\/casinobelgie.com\/fr\/?page_id=194"},"modified":"2021-05-07T14:30:35","modified_gmt":"2021-05-07T14:30:35","slug":"a-propos-de-nous","status":"publish","type":"page","link":"https:\/\/casinobelgie.com\/fr\/a-propos-de-nous\/","title":{"rendered":"\u00c0 propos de nous"},"content":{"rendered":"\n<h1><strong>\u00c0 propos de nous<\/strong><\/h1>\n\n\n\n<p>Vous \u00eates \u00e0 la recherche des meilleurs casinos en ligne, des plus gros bonus et de paiements r\u00e9guliers\u202f? Votre recherche se termine ici. Chez <a href=\"\/fr\/\" class=\"rank-math-link\"><strong>Casinobelgie<\/strong><\/a>, nous vous aidons \u00e0 trouver les bons casinos.<\/p>\n\n\n\n<h2><strong>Le meilleur outil de recherche de casinos<\/strong><\/h2>\n\n\n\n<p>Chez Casinobelgie, nous faisons partie de l&rsquo;industrie du jeu depuis des d\u00e9cennies. Cela nous place dans une position favorable pour aider les d\u00e9butants \u00e0 naviguer dans l&rsquo;industrie iGaming et \u00e0 trouver les ressources les plus r\u00e9centes sur les casinos en ligne. Nous nous consacrons \u00e0 offrir la meilleure exp\u00e9rience de casino \u00e0 chaque parieur ayant besoin d&rsquo;aide, et nous le faisons avec brio\u202f!<\/p>\n\n\n\n<p>Nous sommes ravis de pr\u00e9senter \u00e0 notre public les plus grandes marques, les jeux les plus r\u00e9cents et les bonus les plus fascinants. Et nous excellons \u00e0 offrir un aper\u00e7u neutre de toutes les ressources iGaming pr\u00e8s de chez vous. Cependant, il se peut que les plateformes individuelles attirent le public sous un jour diff\u00e9rent. Par cons\u00e9quent, nous conseillons aux lecteurs de prendre ces informations avec un grain de sel.<\/p>\n\n\n\n<h2><strong>Les plus gros bonus et les meilleurs jeux pr\u00e8s de chez vous<\/strong><\/h2>\n\n\n\n<p>Casinobelgie est ravi de fournir \u00e0 ses lecteurs des informations actualis\u00e9es sur une gamme vari\u00e9e de bonus provenant de toute l&rsquo;industrie. Mettez la main sur les plus gros bonus de bienvenue, les bonus de tours gratuits, les bonus de d\u00e9p\u00f4t\/non-d\u00e9p\u00f4t, les offres de cashback, les programmes VIP et bien plus encore.<\/p>\n\n\n\n<p>Nous disposons d&rsquo;une quantit\u00e9 substantielle de jeux de machines \u00e0 sous dont vous pourrez profiter et la liste est r\u00e9guli\u00e8rement mise \u00e0 jour. Explorez une gamme vari\u00e9e de machines \u00e0 sous vid\u00e9o, des titres classiques aux titres modernes, et trouvez des jeux dont vous n&rsquo;avez jamais entendu parler auparavant.<\/p>\n\n\n\n<h2><strong>Critiques transparentes<\/strong><\/h2>\n\n\n\n<p>Casinobelgie propose des critiques transparentes. Notre \u00e9quipe est compos\u00e9e de travailleurs sur place et \u00e0 distance qui se r\u00e9unissent pour cr\u00e9er des ressources pr\u00e9cieuses pour vous. Et nous nous en tenons \u00e0 nos d\u00e9clarations. Notre processus d&rsquo;examen est conforme aux normes de l&rsquo;industrie et nous suivons les meilleures pratiques du secteur pour fournir des examens impartiaux. Nous conseillons aux lecteurs d&rsquo;examiner les sites Web pr\u00e9s\u00e9lectionn\u00e9s avant de s&rsquo;inscrire.<\/p>\n\n\n\n<p>Casinobelgie n&rsquo;offre pas de conseils financiers et ne classe pas les casinos en ligne en fonction de leur cr\u00e9dibilit\u00e9. Nous listons les meilleurs sites Web sur la base des avis des utilisateurs. La d\u00e9cision finale vous appartient enti\u00e8rement. En outre, si vous suivez des liens externes vers des bonus de casino, Casinobelgie n&rsquo;est pas responsable de votre exp\u00e9rience. Nous vous conseillons vivement de lire les conditions d&rsquo;utilisation du site Web avant de poursuivre.<\/p>\n","protected":false},"excerpt":{"rendered":"<p>\u00c0 propos de nous Vous \u00eates \u00e0 la recherche des meilleurs casinos en ligne, des plus gros bonus et de paiements r\u00e9guliers\u202f? Votre recherche se termine ici. Chez Casinobelgie, nous vous aidons \u00e0 trouver les bons casinos. Le meilleur outil de recherche de casinos Chez Casinobelgie, nous faisons partie de l&rsquo;industrie du jeu depuis des [&hellip;]<\/p>\n","protected":false},"author":1,"featured_media":0,"parent":0,"menu_order":0,"comment_status":"closed","ping_status":"closed","template":"page-template.php","meta":[],"_links":{"self":[{"href":"https:\/\/casinobelgie.com\/fr\/wp-json\/wp\/v2\/pages\/194"}],"collection":[{"href":"https:\/\/casinobelgie.com\/fr\/wp-json\/wp\/v2\/pages"}],"about":[{"href":"https:\/\/casinobelgie.com\/fr\/wp-json\/wp\/v2\/types\/page"}],"author":[{"embeddable":true,"href":"https:\/\/casinobelgie.com\/fr\/wp-json\/wp\/v2\/users\/1"}],"replies":[{"embeddable":true,"href":"https:\/\/casinobelgie.com\/fr\/wp-json\/wp\/v2\/comments?post=194"}],"version-history":[{"count":0,"href":"https:\/\/casinobelgie.com\/fr\/wp-json\/wp\/v2\/pages\/194\/revisions"}],"wp:attachment":[{"href":"https:\/\/casinobelgie.com\/fr\/wp-json\/wp\/v2\/media?parent=194"}],"curies":[{"name":"wp","href":"https:\/\/api.w.org\/{rel}","templated":true}]}}